{"id":1769,"date":"2025-06-24T16:34:35","date_gmt":"2025-06-24T16:34:35","guid":{"rendered":"https:\/\/vietnamstats.net\/?page_id=1769"},"modified":"2025-07-15T16:22:00","modified_gmt":"2025-07-15T16:22:00","slug":"gioi-thieu","status":"publish","type":"page","link":"https:\/\/vietnamstats.net\/en\/gioi-thieu\/","title":{"rendered":"Gi\u1edbi thi\u1ec7u"},"content":{"rendered":"<div class=\"wp-block-stackable-columns alignwide stk-block-columns stk-block stk-cd47256\" data-block-id=\"cd47256\"><style>.stk-cd47256 {padding-top:80px !important;padding-bottom:80px !important;}.stk-cd47256-column{--stk-column-gap:48px !important;row-gap:32px !important;}<\/style><div class=\"stk-row stk-inner-blocks stk-block-content stk-content-align stk-cd47256-column alignwide\">\n<div class=\"wp-block-stackable-column stk-block-column stk-column stk-block stk-59c1207\" data-v=\"4\" data-block-id=\"59c1207\"><style>.stk-59c1207-container{margin-top:var(--stk--preset--spacing--40, 1rem) !important;margin-right:var(--stk--preset--spacing--40, 1rem) !important;margin-bottom:var(--stk--preset--spacing--40, 1rem) !important;margin-left:var(--stk--preset--spacing--40, 1rem) !important;display:flex !important;}.stk-59c1207-inner-blocks{justify-content:center !important;}@media screen and (min-width: 768px) and (max-width: 1023px){.stk-59c1207 {flex:var(--stk-flex-grow, 1) 1 calc(96.9% - var(--stk-column-gap, 0px) * 0 \/ 1 ) !important;}}<\/style><div class=\"stk-column-wrapper stk-block-column__content stk-container stk-59c1207-container stk--no-background stk--no-padding\"><div class=\"has-text-align-center stk-block-content stk-inner-blocks stk-59c1207-inner-blocks\">\n<div class=\"wp-block-stackable-icon stk-block-icon has-text-align-center-tablet stk-block stk-66afe73\" data-block-id=\"66afe73\"><style>.stk-66afe73 {right:-30px !important;}<\/style><span class=\"stk--svg-wrapper\"><div class=\"stk--inner-svg\"><svg style=\"height:0;width:0\"><defs><lineargradient id=\"linear-gradient-66afe73\" x1=\"0\" x2=\"100%\" y1=\"0\" y2=\"0\"><stop offset=\"0%\" style=\"stop-opacity:1;stop-color:var(--linear-gradient-66-afe-73-color-1)\"><\/stop><stop offset=\"100%\" style=\"stop-opacity:1;stop-color:var(--linear-gradient-66-afe-73-color-2)\"><\/stop><\/lineargradient><\/defs><\/svg><svg aria-hidden=\"true\" data-prefix=\"fas\" data-icon=\"quote-right\" class=\"svg-inline--fa fa-quote-right fa-w-16\" xmlns=\"http:\/\/www.w3.org\/2000\/svg\" viewbox=\"0 0 512 512\" width=\"32\" height=\"32\"><path fill=\"currentColor\" d=\"M464 32H336c-26.5 0-48 21.5-48 48v128c0 26.5 21.5 48 48 48h80v64c0 35.3-28.7 64-64 64h-8c-13.3 0-24 10.7-24 24v48c0 13.3 10.7 24 24 24h8c88.4 0 160-71.6 160-160V80c0-26.5-21.5-48-48-48zm-288 0H48C21.5 32 0 53.5 0 80v128c0 26.5 21.5 48 48 48h80v64c0 35.3-28.7 64-64 64h-8c-13.3 0-24 10.7-24 24v48c0 13.3 10.7 24 24 24h8c88.4 0 160-71.6 160-160V80c0-26.5-21.5-48-48-48z\"><\/path><\/svg><\/div><\/span><\/div>\n\n\n\n<div class=\"wp-block-stackable-text stk-block-text stk-block stk-87e4768\" data-block-id=\"87e4768\"><style>.stk-87e4768 {column-count:1 !important;column-gap:0px !important;min-height:var(--stk--preset--block-height--none, 0px) !important;align-items:center !important;display:flex !important;right:-31px !important;}<\/style><p class=\"stk-block-text__text has-text-align-justify has-text-align-center-tablet\"><strong>Vietnam Stats<\/strong> l\u00e0 m\u1ed9t trang c\u00e1 nh\u00e2n chia s\u1ebb c\u00e1c <strong>Infographics, bi\u1ec3u \u0111\u1ed3 v\u00e0 d\u1eef li\u1ec7u tr\u1ef1c quan<\/strong> v\u1ec1 kinh t\u1ebf, x\u00e3 h\u1ed9i, c\u00f4ng ngh\u1ec7, b\u1ea5t \u0111\u1ed9ng s\u1ea3n v\u00e0 c\u00e1c xu h\u01b0\u1edbng trong n\u01b0\u1edbc &amp; qu\u1ed1c t\u1ebf.<br>\ud83d\udcca M\u1ee5c ti\u00eau l\u00e0 gi\u00fap ng\u01b0\u1eddi xem <strong>hi\u1ec3u nhanh c\u00e1c con s\u1ed1 quan tr\u1ecdng<\/strong> v\u00e0 c\u00f3 c\u00e1i nh\u00ecn t\u1ed5ng quan t\u1eeb d\u1eef li\u1ec7u ch\u00ednh th\u1ed1ng.<br>\u270d\ufe0f N\u1ed9i dung mang g\u00f3c nh\u00ecn c\u00e1 nh\u00e2n, kh\u00f4ng \u0111\u1ea1i di\u1ec7n cho b\u1ea5t k\u1ef3 c\u01a1 quan b\u00e1o ch\u00ed n\u00e0o.<\/p><\/div>\n\n\n\n<p class=\"wp-block-paragraph\" data-block-type=\"core\">\ud83d\udcf1 <strong>Li\u00ean h\u1ec7 Zalo<\/strong>: 0349.110.684<\/p>\n\n\n\n<div class=\"wp-block-stackable-heading stk-block-heading stk-block-heading--v2 stk-block stk-204cae4\" id=\"vietnam-stats\" data-block-id=\"204cae4\"><style>.stk-204cae4 {margin-bottom:8px !important;right:-30px !important;}<\/style><h4 class=\"stk-block-heading__text has-text-align-center-tablet\">Vietnam Stats<\/h4><\/div>\n\n\n\n<div class=\"wp-block-stackable-subtitle stk-block-subtitle stk-block stk-caa37c5\" data-block-id=\"caa37c5\"><style>.stk-caa37c5 {right:-30px !important;}.stk-caa37c5 .stk-block-subtitle__text{font-size:var(--stk--preset--font-size--small, 13px) !important;}@media screen and (max-width: 1023px){.stk-caa37c5 .stk-block-subtitle__text{font-size:var(--stk--preset--font-size--small, 13px) !important;}}<\/style><p class=\"stk-block-subtitle__text stk-subtitle has-text-align-center has-text-align-center-tablet\">Chia s\u1ebb Th\u1ed1ng k\u00ea\/Inforgraphics Vi\u1ec7t Nam v\u00e0 Th\u1ebf Gi\u1edbi<\/p><\/div>\n<\/div><\/div><\/div>\n\n\n\n<div class=\"wp-block-stackable-column stk-block-column stk-column stk-block stk-735529c\" data-v=\"4\" data-block-id=\"735529c\"><style>.stk-735529c-container{margin-top:0px !important;margin-right:0px !important;margin-bottom:0px !important;margin-left:0px !important;}@media screen and (min-width: 768px) and (max-width: 1023px){.stk-735529c {flex:var(--stk-flex-grow, 1) 1 calc(100% - var(--stk-column-gap, 0px) * 0 \/ 1 ) !important;}}<\/style><div class=\"stk-column-wrapper stk-block-column__content stk-container stk-735529c-container stk--no-background stk--no-padding\"><div class=\"stk-block-content stk-inner-blocks stk-735529c-inner-blocks\">\n<div class=\"wp-block-stackable-image stk-block-image has-text-align-left stk-block stk-c16f9d0\" data-block-id=\"c16f9d0\"><style>.stk-c16f9d0 {right:-78px !important;bottom:4px !important;opacity:1 !important;z-index:1 !important;}.stk-c16f9d0 .stk-img-wrapper{width:513px !important;height:513px !important;}<\/style><figure><span class=\"stk-img-wrapper stk-image--shape-stretch\"><img fetchpriority=\"high\" decoding=\"async\" class=\"stk-img wp-image-3048\" src=\"https:\/\/vietnamstats.net\/wp-content\/uploads\/2025\/07\/LOGO-VIETNAM-STATAS-01.png\" width=\"1500\" height=\"1500\" alt=\"LOGO VIETNAM STATS\" srcset=\"https:\/\/vietnamstats.net\/wp-content\/uploads\/2025\/07\/LOGO-VIETNAM-STATAS-01.png 1500w, https:\/\/vietnamstats.net\/wp-content\/uploads\/2025\/07\/LOGO-VIETNAM-STATAS-01-300x300.png 300w, https:\/\/vietnamstats.net\/wp-content\/uploads\/2025\/07\/LOGO-VIETNAM-STATAS-01-1024x1024.png 1024w, https:\/\/vietnamstats.net\/wp-content\/uploads\/2025\/07\/LOGO-VIETNAM-STATAS-01-150x150.png 150w, https:\/\/vietnamstats.net\/wp-content\/uploads\/2025\/07\/LOGO-VIETNAM-STATAS-01-768x768.png 768w\" sizes=\"(max-width: 1500px) 100vw, 1500px\" \/><\/span><\/figure><\/div>\n<\/div><\/div><\/div>\n<\/div><\/div>\n\n\n\n<p class=\"wp-block-paragraph\" data-block-type=\"core\"><\/p>","protected":false},"excerpt":{"rendered":"<p>Vietnam Stats l\u00e0 m\u1ed9t trang c\u00e1 nh\u00e2n chia s\u1ebb c\u00e1c Infographics, bi\u1ec3u \u0111\u1ed3 v\u00e0 d\u1eef li\u1ec7u tr\u1ef1c quan<\/p>","protected":false},"author":1,"featured_media":0,"parent":0,"menu_order":0,"comment_status":"closed","ping_status":"closed","template":"","meta":{"_crdt_document":"","_monsterinsights_skip_tracking":false,"_monsterinsights_sitenote_active":false,"_monsterinsights_sitenote_note":"","_monsterinsights_sitenote_category":0,"_uf_show_specific_survey":0,"_uf_disable_surveys":false,"footnotes":""},"class_list":["post-1769","page","type-page","status-publish","hentry"],"_links":{"self":[{"href":"https:\/\/vietnamstats.net\/en\/wp-json\/wp\/v2\/pages\/1769","targetHints":{"allow":["GET"]}}],"collection":[{"href":"https:\/\/vietnamstats.net\/en\/wp-json\/wp\/v2\/pages"}],"about":[{"href":"https:\/\/vietnamstats.net\/en\/wp-json\/wp\/v2\/types\/page"}],"author":[{"embeddable":true,"href":"https:\/\/vietnamstats.net\/en\/wp-json\/wp\/v2\/users\/1"}],"replies":[{"embeddable":true,"href":"https:\/\/vietnamstats.net\/en\/wp-json\/wp\/v2\/comments?post=1769"}],"version-history":[{"count":43,"href":"https:\/\/vietnamstats.net\/en\/wp-json\/wp\/v2\/pages\/1769\/revisions"}],"predecessor-version":[{"id":3502,"href":"https:\/\/vietnamstats.net\/en\/wp-json\/wp\/v2\/pages\/1769\/revisions\/3502"}],"wp:attachment":[{"href":"https:\/\/vietnamstats.net\/en\/wp-json\/wp\/v2\/media?parent=1769"}],"curies":[{"name":"wp","href":"https:\/\/api.w.org\/{rel}","templated":true}]}}